{"id":1303,"date":"2025-09-15T16:58:57","date_gmt":"2025-09-15T14:58:57","guid":{"rendered":"https:\/\/centauro.es\/?page_id=1303"},"modified":"2026-02-23T12:42:23","modified_gmt":"2026-02-23T11:42:23","slug":"politica-de-privacidad","status":"publish","type":"page","link":"https:\/\/centauro.es\/ca\/politica-de-privacidad\/","title":{"rendered":"Pol\u00edtica de privacitat"},"content":{"rendered":"<h2 class=\"p2\"><b>1. RESPONSABLE DEL TRACTAMENT<\/b><\/h2>\n<p>&nbsp;<\/p>\n<p class=\"p2\">L\u2019empresa responsable del tractament de les seves dades en virtut d\u2019aquesta Pol\u00edtica de privacitat \u00e9s:<\/p>\n<p>&nbsp;<\/p>\n<p><strong>Nom comercial:<\/strong> CENTAURO<br \/>\n<strong>Denominaci\u00f3 social:<\/strong> CENTAURO VETERINARIA, S.A.<br \/>\n<strong>NIF:<\/strong> A08566143<br \/>\n<strong>Domicili social:<\/strong> Finca el Maci\u00e0, s\/n, Les Masies de Roda (Barcelona)<br \/>\n<strong>Web:<\/strong> www.centauro.es<br \/>\n<strong>Tel\u00e8fon:<\/strong> 938 500 411<br \/>\n<strong>E-mail:<\/strong> centauro@centauro.es<\/p>\n<p>Inscrita al Registre Mercantil de Barcelona, Tom 4.339, Foli 169, Fulla n\u00ba B-45.967<\/p>\n<p>&nbsp;<\/p>\n<p>A CENTAURO VETERINARIA, S.A., d\u2019ara en endavant, CENTAURO, reconeixem la import\u00e0ncia de protegir la seva informaci\u00f3 personal i estem compromesos a tractar-la amb responsabilitat i de conformitat amb les lleis de protecci\u00f3 de dades.<\/p>\n<p>&nbsp;<\/p>\n<p>La present pol\u00edtica de privacitat pret\u00e9n regular tots els aspectes relatius al tractament de dades de les diferents persones usu\u00e0ries que naveguen o faciliten les seves a trav\u00e9s dels diferents formularis situats a la web.<\/p>\n<p>&nbsp;<\/p>\n<h2><b>2. DADES PERSONALS<\/b><\/h2>\n<p>&nbsp;<\/p>\n<p>Una dada personal \u00e9s la informaci\u00f3 que l\u2019identifica o el fa identificable. A trav\u00e9s de la web, a les caselles establertes a tal efecte recollim les dades personals que la persona usu\u00e0ria ens comunica: nom, cognoms, correu electr\u00f2nic, tel\u00e8fon, direcci\u00f3 postal, poblaci\u00f3, etc., aix\u00ed com totes aquelles dades que volunt\u00e0riament ens proporcioni a trav\u00e9s de qualsevol de les xarxes socials de les quals la persona usu\u00e0ria est\u00e0 registrada. En aquest cas, la privacitat dependr\u00e0 de la configuraci\u00f3 establerta per la mateixa persona usu\u00e0ria aix\u00ed com dels termes i condicions de la pr\u00f2pia xarxa social.<\/p>\n<p>&nbsp;<\/p>\n<p>La visita de la persona usu\u00e0ria a la web no implica que hagi de facilitar cap informaci\u00f3 sobre les seves dades personals. No obstant aix\u00f2, en cas de facilitar-les, les dades seran tractades de forma l\u00edcita de conformitat en tot moment als principis i drets recollits en el RGPD 2016\/679 de 26 d\u2019abril i la LOPDGDD 3\/2018 del 5 de desembre.<\/p>\n<p>&nbsp;<\/p>\n<h2 class=\"p2\"><b>3.\u00a0<strong>FINALITAT, DURACI\u00d3 I LEGITIMACI\u00d3 DEL TRACTAMENT<\/strong><\/b><\/h2>\n<p>&nbsp;<\/p>\n<p class=\"p2\">Les dades que la persona usu\u00e0ria ens proporcioni les tractarem amb les seg\u00fcents finalitats:<\/p>\n<p>&nbsp;<\/p>\n<ul>\n<li><strong>Atendre la sol\u00b7licitud o petici\u00f3 realitzada per la persona usu\u00e0ria a trav\u00e9s del formulari de contacte situat a la web<\/strong>. Recollim i tractem les dades personals de la persona usu\u00e0ria per poder tramitar i gestionar la seva sol\u00b7licitud, una consulta o qualsevol petici\u00f3 que realitza a trav\u00e9s del formulari. Aquestes dades les conservem durant el temps necessari per complir la seva petici\u00f3 i durant el temps establert per la llei amb una duraci\u00f3 m\u00ednima de 3 anys.<br \/>\nLa base de legitimaci\u00f3 del tractament de les dades ser\u00e0 el consentiment que atorga la persona usu\u00e0ria en seleccionar la casella d\u2019acceptaci\u00f3 de la nostra pol\u00edtica de privacitat abans d\u2019enviar la petici\u00f3. La persona usu\u00e0ria t\u00e9 dret a revocar el seu consentiment en qualsevol moment sense que aix\u00f2 afecti la licitud del tractament basat en el consentiment previ a la seva retirada.<\/li>\n<li><strong>Millorar la seva experi\u00e8ncia en navegar per la web<\/strong>. Aquestes dades les conservarem mentre la persona usu\u00e0ria no revoqui el seu consentiment al tractament d\u2019aquestes eliminant les cookies i durant el temps establert per la llei amb una durada m\u00ednima de 3 anys.<br \/>\nLa base de legitimaci\u00f3 per a millorar la seva experi\u00e8ncia en navegar per la web \u00e9s el consentiment que atorga la persona usu\u00e0ria en acceptar les cookies. La persona usu\u00e0ria t\u00e9 dret a revocar el seu consentiment en qualsevol moment sense que aix\u00f2 afecti la licitud del tractament basat en el consentiment previ a la seva retirada.<\/li>\n<li><strong>Gestionar les nostres xarxes socials i enviar-li informaci\u00f3 sobre les nostres activitats i productes<\/strong>. Aquestes dades les conservarem mentre la persona usu\u00e0ria no revoqui el seu consentiment al tractament d\u2019aquestes i durant el temps establert per la llei amb una durada m\u00ednima de 3 anys.<br \/>\nLa base de leg\u00edtimaci\u00f3 per a gestionar les nostres xarxes socials i enviar-li les nostres activitats i novetats \u00e9s el consentiment que ens atorga per a aix\u00f2. La persona usu\u00e0ria t\u00e9 dret a revocar el seu consentiment en qualsevol moment sense que aix\u00f2 afecti la licitud del tractament basat en el consentiment previ a la seva retirada.<\/li>\n<li><strong>Donar d\u2019alta i gestionar un compte com a \u201cusuari\/a registrat\/da\u201d a trav\u00e9s del formulari \u00c0rea Privada<\/strong> situat a la web que li permetr\u00e0 a la persona usu\u00e0ria accedir a la seva \u00e0rea privada de serveis i informar-la de les nostres activitats, podent-li remetre per qualsevol mitj\u00e0 electr\u00f2nic comunicacions comercials de les novetats dels nostres serveis. Aquestes dades les conservarem mentre la persona usu\u00e0ria no sol\u00b7liciti la seva baixa del registre i durant el temps establert per la llei amb una durada m\u00ednima de 3 anys.<br \/>\nLa base de legitimaci\u00f3 del tractament de les dades ser\u00e0 el consentiment que atorga la persona usu\u00e0ria en registrar-se a trav\u00e9s del formulari de registre i seleccionar la casella d\u2019acceptaci\u00f3 de la nostra pol\u00edtica de privacitat abans d\u2019enviar la seva sol\u00b7licitud. La persona usu\u00e0ria t\u00e9 dret a revocar el seu consentiment en qualsevol moment sense que aix\u00f2 afecti la licitud del tractament basat en el consentiment previ a la seva retirada.<\/li>\n<li><strong>Gestionar el curr\u00edculum rem\u00e8s per la persona interessada<\/strong> a trav\u00e9s del formulari habilitat a aquest efecte i incloure\u2019l a la base de dades de persones candidates de l\u2019empresa. Aquestes dades es tractaran durant un termini m\u00e0xim d\u2019un any, transcorregut el qual es procedir\u00e0 al bloqueig de les dades durant el temps establert legalment, garantint un respecte total a la confidencialitat tant en el tractament com en la seva posterior destrucci\u00f3.La base leg\u00edtima per gestionar i tractar el curr\u00edculum de la persona interessada \u00e9s el seu consentiment, el qual manifesta en realitzar una acci\u00f3 afirmativa d\u2019enviament i seleccionar la casella d\u2019acceptaci\u00f3 de la nostra pol\u00edtica de privacitat pr\u00e8viament a l\u2019enviament. La persona usu\u00e0ria t\u00e9 dret a revocar el seu consentiment en qualsevol moment sense que aix\u00f2 afecti la licitud del tractament basat en el consentiment previ a la seva retirada.<\/li>\n<li><strong>Gestionar les comunicacions presentades a trav\u00e9s del canal de den\u00fancies implementat per la persona responsable. T<\/strong>ractarem les dades personals (en cas que la comunicaci\u00f3 no sigui an\u00f2nima) i la informaci\u00f3 aportada per la persona interessada amb la finalitat de gestionar i resoldre la den\u00fancia efectuada a trav\u00e9s del canal, al qual s\u2019accedeix a trav\u00e9s de la web.La base de legitimaci\u00f3 del tractament dels mateixos \u00e9s el compliment d\u2019una missi\u00f3 realitzada en inter\u00e8s p\u00fablic, aix\u00ed com el compliment d\u2019una obligaci\u00f3 legal. Les dades es conservaran \u00fanicament durant el temps imprescindible per decidir si escau o no iniciar una investigaci\u00f3 sobre els fets denunciats. En tot cas, transcorreguts tres mesos des de la introducci\u00f3 de les dades, si la den\u00fancia no ha prosperat, es podran conservar \u00fanicament amb la finalitat de deixar evid\u00e8ncia del sistema, de forma an\u00f2nima. En cas que la den\u00fancia hagi prosperat, es procedir\u00e0 a la seva supressi\u00f3 i bloqueig del sistema de den\u00fancies internes, conservant-se durant un per\u00edode no superior a deu anys. Les dades podran continuar sent tractades per l\u2019autoritat o \u00f2rgan competent en cas de recerca dels fets denunciats.<\/li>\n<\/ul>\n<p>\u00danicament es comunicaran dades a tercers quan resulti necessari per a l\u2019adopci\u00f3 de mesures disciplin\u00e0ries o per a la tramitaci\u00f3 dels procediments judicials que, si escau, corresponguin, sense perjudici de la notificaci\u00f3 a l\u2019autoritat competent de fets constitutius d\u2019infracci\u00f3 penal o administrativa.<\/p>\n<p>&nbsp;<\/p>\n<h2><strong>4. CESSI\u00d3 O COMUNICACI\u00d3 DE DADES PERSONALS<\/strong><\/h2>\n<p>&nbsp;<\/p>\n<p class=\"p2\">Les seves dades no es comunicaran ni seran cedides a tercers, tret que existeixi alguna obligaci\u00f3 legal o aquelles empreses del grup empresarial per a finalitats administratives o de gesti\u00f3 interna qui actuaran com encarregats del tractament.<\/p>\n<p>&nbsp;<\/p>\n<h2><strong>5. TRANSFER\u00c8NCIES INTERNACIONALS<\/strong><\/h2>\n<p>&nbsp;<\/p>\n<p>A CENTAURO tractem les seves dades dins l\u2019Espai Econ\u00f2mic Europeu i, amb car\u00e0cter general, contractem prestadors de serveis ubicats tamb\u00e9 dins l\u2019Espai Econ\u00f2mic Europeu o en pa\u00efsos que han estat declarats amb un nivell adequat de protecci\u00f3.<\/p>\n<p>&nbsp;<\/p>\n<p>Si necessitem utilitzar prove\u00efdors de serveis que facin tractaments fora de l\u2019Espai Econ\u00f2mic Europeu o en pa\u00efsos que no han estat declarats amb un nivell adequat de protecci\u00f3, ens assegurar\u00edem de garantir la seguretat i legitimitat del tractament de les seves dades mitjan\u00e7ant decisions d\u2019adequaci\u00f3, cl\u00e0usules tipus, normes corporatives vinculants, excepcions o qualsevol altre instrument aprovat per l\u2019autoritat de control que ofereixi les garanties adequades per a la realitzaci\u00f3 de la transfer\u00e8ncia internacional de dades.<\/p>\n<p>&nbsp;<\/p>\n<h2 class=\"p2\"><strong>6. ACTUALITZACI\u00d3 DE DADES<\/strong><\/h2>\n<p>&nbsp;<\/p>\n<p class=\"p2\">\u00c9s important que perqu\u00e8 puguem mantenir les dades personals actualitzades, la persona usu\u00e0ria ens informi sempre que hi hagi hagut alguna modificaci\u00f3 en aquestes, en cas contrari, no responem de la veracitat d\u2019aquestes.<\/p>\n<p>&nbsp;<\/p>\n<p class=\"p2\">La persona usu\u00e0ria garanteix que les dades personals facilitades s\u00f3n veraces garantint que tota la informaci\u00f3 facilitada correspon a la situaci\u00f3 real, que est\u00e0 posada al dia i \u00e9s exacta, quedant obligada a comunicar qualsevol modificaci\u00f3.<\/p>\n<p>&nbsp;<\/p>\n<h2><strong>7. DADES DE TERCERS<\/strong><\/h2>\n<p>&nbsp;<\/p>\n<p class=\"p2\">Si la persona usu\u00e0ria facilita dades de terceres persones per a qualsevol finalitat a CENTAURO, garanteix que ha obtingut aquestes dades de forma l\u00edcita, que ha informat pr\u00e8viament a les persones afectades, obtenint el seu consentiment per a comunicar-les i que la informaci\u00f3 facilitada \u00e9s exacta i vera\u00e7.<\/p>\n<p>&nbsp;<\/p>\n<h2><strong>8. CAR\u00c0CTER OBLIGATORI DE LA INFORMACI\u00d3 SOL\u00b7LICITADA<\/strong><\/h2>\n<p>&nbsp;<\/p>\n<p class=\"p2\">Tots els nostres formularis compten amb un asterisc (*) en les dades obligat\u00f2ries. Si la persona usu\u00e0ria no omple aquests camps o no marca la casella d\u2019acceptaci\u00f3 de la pol\u00edtica de privacitat, no es permetr\u00e0 l\u2019enviament de la informaci\u00f3.<\/p>\n<p>&nbsp;<\/p>\n<h2><strong>9. \u00daS DE LES CONTRASENYES<\/strong><\/h2>\n<p>&nbsp;<\/p>\n<p class=\"p2\">Per a poder accedir al seu compte, la persona usu\u00e0ria haur\u00e0 de \u201cIniciar Sessi\u00f3\u201d i incloure l\u2019adre\u00e7a del correu electr\u00f2nic i contrasenya generada en el formulari de registre d\u2019acord a les regles de complexitat que s\u2019estableixin a cada moment a la web.<\/p>\n<p>&nbsp;<\/p>\n<p>Les persones usu\u00e0ries s\u00f3n responsables de l\u2019adequada cust\u00f2dia i confidencialitat de qualsevol dels identificadors i\/o contrasenyes que hagin seleccionat en el registre, i es comprometen a no cedir el seu \u00fas a terceres persones, ni permetre el seu acc\u00e9s a persones alienes.<\/p>\n<p>&nbsp;<\/p>\n<p>Aix\u00ed mateix, ser\u00e0 obligaci\u00f3 de la persona usu\u00e0ria notificar de forma immediata a la persona responsable qualsevol fet que permeti l\u2019\u00fas indegut dels identificadors i\/o contrasenyes, tals com el robatori, l\u2019extraviament, o l\u2019acc\u00e9s no autoritzat a aquests, amb la finalitat de conducta a la seva immediata cancel\u00b7laci\u00f3.<\/p>\n<p>&nbsp;<\/p>\n<h2><strong>10. DRETS DELS INTERESSATS<\/strong><\/h2>\n<p>&nbsp;<\/p>\n<p>T\u00e9 dret a accedir a les seves dades i a obtenir confirmaci\u00f3 sobre el seu tractament, aix\u00ed com una c\u00f2pia de les dades personals objecte de tractament. T\u00e9 dret a actualitzar-les i a sol\u00b7licitar la rectificaci\u00f3 de les dades que siguin inexactes o sol\u00b7licitar la supressi\u00f3 quan les dades no siguin necess\u00e0ries per a les finalitats per les quals van ser recaptades. Pot sol\u00b7licitar la limitaci\u00f3 en el tractament de les seves dades i oposar-se al tractament d\u2019aquestes revocant el seu consentiment, aix\u00ed com exercir el dret a la portabilitat de les dades. De la mateixa manera, t\u00e9 dret a no ser objecte de decisions basades \u00fanicament en el tractament automatitzat de les seves dades personals.<\/p>\n<p>&nbsp;<\/p>\n<p>Pot exercir els seus drets contactant amb nosaltres FINCA EL MACIA, S\/N \u2013 08510 MASIES DE RODA (Barcelona). E-mail: datos@centauro.es.<\/p>\n<p>&nbsp;<\/p>\n<p>Si considera que els seus drets no s\u2019han at\u00e8s degudament, t\u00e9 dret a presentar una reclamaci\u00f3 davant l\u2019Autoritat de Control a www.aepd.es.<\/p>\n<p>&nbsp;<\/p>\n<h2 class=\"p2\"><strong>11. TRACTAMENT DE DADES DE MENORS D\u2019EDAT<\/strong><\/h2>\n<p>&nbsp;<\/p>\n<p class=\"p2\">Qui facilita les dades a trav\u00e9s dels formularis d\u2019aquesta web i accepta el seu tractament declara ser major de 14 anys, quedant prohibit l\u2019acc\u00e9s i \u00fas del portal a menors d\u2019aquesta edat. Si en algun moment, la persona responsable detecta que un menor de 14 anys ha proporcionat dades de car\u00e0cter personal, procedirem a la cancel\u00b7laci\u00f3 d\u2019aquestes. Aix\u00ed mateix, les mares, pares o les persones tutores podran en qualsevol cas dirigir-se a CENTAURO per a bloquejar el compte d\u2019acc\u00e9s dels menors al seu c\u00e0rrec que s\u2019haguessin registrat falsejant la seva identitat.<\/p>\n<p>&nbsp;<\/p>\n<h2><strong>12. TRACTAMENT DE COOKIES<\/strong><\/h2>\n<p>&nbsp;<\/p>\n<p>Una cookie \u00e9s un petit arxiu que es descarrega i emmagatzema a l\u2019ordinador de la persona usu\u00e0ria quan aquesta accedeix a una p\u00e0gina web. Les cookies permeten a la web, entre altres coses, emmagatzemar i recuperar informaci\u00f3 sobre els h\u00e0bits de navegaci\u00f3 de la persona usu\u00e0ria o del seu equip i, depenent de la informaci\u00f3 que continguin i de la forma en qu\u00e8 utilitzi el seu equip, poden utilitzar-se per a recon\u00e8ixer a la persona usu\u00e0ria.<\/p>\n<p class=\"p2\">La persona usu\u00e0ria t\u00e9 l\u2019opci\u00f3 d\u2019impedir la generaci\u00f3 de cookies, mitjan\u00e7ant la selecci\u00f3 de la corresponent opci\u00f3 en el seu programa de navegador. Pot obtenir m\u00e9s informaci\u00f3 llegint la nostra\u00a0<a href=\"https:\/\/centauro.es\/ca\/cookies\/\"><span class=\"s2\"><b>Pol\u00edtica de Cookies<\/b><\/span><\/a><b>.<\/b><\/p>\n<p>&nbsp;<\/p>\n<p class=\"p2\"><i>\u00daltima actualitzaci\u00f3: 13\/01\/2025<\/i><\/p>\n","protected":false},"excerpt":{"rendered":"<p>1. RESPONSABLE DEL TRACTAMENT &nbsp; L\u2019empresa responsable del tractament de les seves dades en virtut d\u2019aquesta Pol\u00edtica de privacitat \u00e9s: &nbsp; Nom comercial: CENTAURO Denominaci\u00f3 social: CENTAURO VETERINARIA, S.A. NIF: A08566143 Domicili social: Finca el Maci\u00e0, s\/n, Les Masies de Roda (Barcelona) Web: www.centauro.es Tel\u00e8fon: 938 500 411 E-mail: centauro@centauro.es Inscrita al Registre Mercantil de [&hellip;]<\/p>\n","protected":false},"author":2,"featured_media":0,"parent":0,"menu_order":51,"comment_status":"closed","ping_status":"closed","template":"app-templates\/page-legal.php","meta":{"_acf_changed":false,"footnotes":""},"class_list":["post-1303","page","type-page","status-publish","hentry"],"acf":[],"_links":{"self":[{"href":"https:\/\/centauro.es\/ca\/wp-json\/wp\/v2\/pages\/1303","targetHints":{"allow":["GET"]}}],"collection":[{"href":"https:\/\/centauro.es\/ca\/wp-json\/wp\/v2\/pages"}],"about":[{"href":"https:\/\/centauro.es\/ca\/wp-json\/wp\/v2\/types\/page"}],"author":[{"embeddable":true,"href":"https:\/\/centauro.es\/ca\/wp-json\/wp\/v2\/users\/2"}],"replies":[{"embeddable":true,"href":"https:\/\/centauro.es\/ca\/wp-json\/wp\/v2\/comments?post=1303"}],"version-history":[{"count":6,"href":"https:\/\/centauro.es\/ca\/wp-json\/wp\/v2\/pages\/1303\/revisions"}],"predecessor-version":[{"id":2461,"href":"https:\/\/centauro.es\/ca\/wp-json\/wp\/v2\/pages\/1303\/revisions\/2461"}],"wp:attachment":[{"href":"https:\/\/centauro.es\/ca\/wp-json\/wp\/v2\/media?parent=1303"}],"curies":[{"name":"wp","href":"https:\/\/api.w.org\/{rel}","templated":true}]}}