{"id":1319,"date":"2025-09-15T17:00:04","date_gmt":"2025-09-15T15:00:04","guid":{"rendered":"https:\/\/centauro.es\/?page_id=1319"},"modified":"2026-02-23T13:04:23","modified_gmt":"2026-02-23T12:04:23","slug":"canal-de-denuncia","status":"publish","type":"page","link":"https:\/\/centauro.es\/ca\/canal-de-denuncia\/","title":{"rendered":"Canal de den\u00fancia i codi \u00e8tic"},"content":{"rendered":"<h2><strong>CODI \u00c8TIC<\/strong><\/h2>\n<p>&nbsp;<\/p>\n<p>La reputaci\u00f3 de prestigi i qualitat que venim construint des del nostre origen respon a una tasca col\u00b7lectiva i di\u00e0ria que hem de cuidar totes i cadascuna de les persones que formem part del projecte CENTAURO VETERINARIA S.A. del nostre comprom\u00eds i responsabilitat individual amb aquests principis i valors dep\u00e8n la bona marxa de l\u2019organitzaci\u00f3.<\/p>\n<p>&nbsp;<\/p>\n<p><strong>Actuar amb integritat \u00e9s m\u00e9s que protegir la imatge i la reputaci\u00f3 de la nostra empresa<\/strong>, \u00e9s tamb\u00e9 mantenir un lloc on tots\/es estem orgullosos\/es de treballar. Per aix\u00f2, CENTAURO VETERINARIA S.A. ha elaborat aquest Codi que a trav\u00e9s dels nostres valors i principis b\u00e0sics defineix les pautes de comportament que fan de la nostra companyia un lloc on sentir-se orgull\u00f3s de pert\u00e0nyer.<\/p>\n<p>&nbsp;<\/p>\n<p>Aix\u00f2 significa <strong>actuar amb honestedat<\/strong> i tractar cadascun de nosaltres, els\/les nostres clients\/es, accionistes i prove\u00efdors\/es de manera justa i amb dignitat. Per tant, tots els\/les empleats\/des, col\u00b7laboradors\/es i membres dels \u00f2rgans de govern d\u2019administraci\u00f3 de la companyia, aix\u00ed com persones en general que treballin o prestin els seus serveis a CENTAURO VETERINARIA S.A., <strong>estem obligats a complir-lo, a fomentar la seva difusi\u00f3 i a integrar-lo en el dia a dia de la nostra activitat.<\/strong><\/p>\n<p>&nbsp;<\/p>\n<h2><strong>CANAL DE DEN\u00daNCIA<\/strong><\/h2>\n<p>&nbsp;<\/p>\n<p>Tal com s\u2019estableixen els Principis del Codi \u00c8tic de CENTAURO VETERINARIA S.A. aprovats pel Consell d\u2019Administraci\u00f3,<strong> totes i cadascuna de les persones que treballen a CENTAURO VETERINARIA S.A. s\u2019han de comportar amb integritat i complir les lleis i normes internes en les seves activitats quotidianes<\/strong> i, a m\u00e9s, tenen el deure de cooperar per evitar que alg\u00fa actu\u00ef de forma incorrecta o no \u00edntegra.<\/p>\n<p>&nbsp;<\/p>\n<p>Per aix\u00f2, <strong>\u00e9s un deure de tots els\/les treballadors\/es, directius\/es, consellers\/es externs\/es, clients\/es i prove\u00efdors de CENTAURO VETERINARIA S.A. comunicar qualsevol presumpta irregularitat o acte contrari a la legalitat o a les normes internes dels quals tinguin coneixement.<\/strong> Nom\u00e9s aix\u00ed ser\u00e0 possible que qualsevol sospita o dubte d\u2019irregularitat sigui comprovada i, si s\u2019escau, es puguin adoptar les mesures adequades per reparar-ne les conseq\u00fc\u00e8ncies i evitar que aquesta irregularitat es repeteixi en el futur; millorant d\u2019aquesta manera l\u2019entorn professional, social, \u00e8tic i de comprom\u00eds amb el compliment de lleis i normes de CENTAURO VETERINARIA S.A..<\/p>\n<p>&nbsp;<\/p>\n<p>A la vista d\u2019aix\u00f2, per la present pol\u00edtica, CENTAURO VETERINARIA S.A. <strong>disposa d\u2019un Canal de Den\u00fancia amb compliment a la Llei 2\/2023; a trav\u00e9s del qual els\/les treballadors\/es, directius\/es, consellers\/es i restants grups d\u2019inter\u00e8s puguin comunicar qualsevol informaci\u00f3 de la qual es tingui coneixement, per qualsevol mitj\u00e0 -formal o no- sobre l\u2019exist\u00e8ncia d\u2019una possible irregularitat,\u00a0 contrari a la legalitat o a les normes internes establertes.<\/strong><\/p>\n<p>&nbsp;<\/p>\n<p>En la gesti\u00f3 del Canal de Den\u00fancia regeixen els principis de confidencialitat de les dades aportades i de les declaracions realitzades, respecte i fonament; de manera que, qualsevol decisi\u00f3 que s\u2019adopti a partir de la seva recepci\u00f3, es far\u00e0 de forma raonada, proporcionada i considerant les circumst\u00e0ncies dels fets denunciats, amb ple respecte sempre dels drets i de les degudes garanties per al\/la denunciant i per a les persones afectades, si n\u2019hi hagu\u00e9s.<\/p>\n<p>&nbsp;<\/p>\n<p>En particular, el Canal garanteix la confidencialitat de la identitat dels\/les denunciants i persones afectades, aix\u00ed com de les comunicacions. Igualment, es garanteix la presumpci\u00f3 d\u2019 innoc\u00e8ncia a totes les persones afectades. Tota persona que denunci\u00ef gaudir\u00e0 de la deguda protecci\u00f3 i qualsevol acci\u00f3 respecte a ella, que pugui entendre\u2019s com a amena\u00e7a, discriminaci\u00f3 o repres\u00e0lia, ser\u00e0 sancionada.<\/p>\n<p>&nbsp;<\/p>\n<p><a href=\"https:\/\/grup-gepork.factorialhr.es\/complaints\" target=\"_blank\" rel=\"noopener\">Grup Gepork \u2013 Den\u00fancies<\/a><\/p>\n<p>&nbsp;<\/p>\n<p><a href=\"https:\/\/grupgepork.es\/wp-content\/uploads\/2024\/03\/PG-HUM-CE-Codigo-Etico-Grup-Gepork_vs0_Cast-_aprovat.pdf\" target=\"_blank\" rel=\"noopener\">Pol\u00edtiques de codi \u00e8tic<\/a><\/p>\n<p>&nbsp;<\/p>\n<p><a href=\"https:\/\/grupgepork.es\/wp-content\/uploads\/2025\/01\/PG-HUM-PCD-Politica-Canal-de-Denuncias_ES.pdf\" target=\"_blank\" rel=\"noopener\">Canal de den\u00fancia<\/a><\/p>\n<p>&nbsp;<\/p>\n<p>\u00daltima actualitzaci\u00f3: 13\/01\/2025<\/p>\n","protected":false},"excerpt":{"rendered":"<p>CODI \u00c8TIC &nbsp; La reputaci\u00f3 de prestigi i qualitat que venim construint des del nostre origen respon a una tasca col\u00b7lectiva i di\u00e0ria que hem de cuidar totes i cadascuna de les persones que formem part del projecte CENTAURO VETERINARIA S.A. del nostre comprom\u00eds i responsabilitat individual amb aquests principis i valors dep\u00e8n la bona [&hellip;]<\/p>\n","protected":false},"author":2,"featured_media":0,"parent":0,"menu_order":28,"comment_status":"closed","ping_status":"closed","template":"app-templates\/page-legal.php","meta":{"_acf_changed":false,"footnotes":""},"class_list":["post-1319","page","type-page","status-publish","hentry"],"acf":[],"_links":{"self":[{"href":"https:\/\/centauro.es\/ca\/wp-json\/wp\/v2\/pages\/1319","targetHints":{"allow":["GET"]}}],"collection":[{"href":"https:\/\/centauro.es\/ca\/wp-json\/wp\/v2\/pages"}],"about":[{"href":"https:\/\/centauro.es\/ca\/wp-json\/wp\/v2\/types\/page"}],"author":[{"embeddable":true,"href":"https:\/\/centauro.es\/ca\/wp-json\/wp\/v2\/users\/2"}],"replies":[{"embeddable":true,"href":"https:\/\/centauro.es\/ca\/wp-json\/wp\/v2\/comments?post=1319"}],"version-history":[{"count":5,"href":"https:\/\/centauro.es\/ca\/wp-json\/wp\/v2\/pages\/1319\/revisions"}],"predecessor-version":[{"id":2469,"href":"https:\/\/centauro.es\/ca\/wp-json\/wp\/v2\/pages\/1319\/revisions\/2469"}],"wp:attachment":[{"href":"https:\/\/centauro.es\/ca\/wp-json\/wp\/v2\/media?parent=1319"}],"curies":[{"name":"wp","href":"https:\/\/api.w.org\/{rel}","templated":true}]}}