{"id":2473,"date":"2026-02-23T13:12:02","date_gmt":"2026-02-23T12:12:02","guid":{"rendered":"https:\/\/centauro.es\/?page_id=2473"},"modified":"2026-04-09T17:52:24","modified_gmt":"2026-04-09T15:52:24","slug":"politica-de-qualitat","status":"publish","type":"page","link":"https:\/\/centauro.es\/ca\/politica-de-qualitat\/","title":{"rendered":"Pol\u00edtica de qualitat"},"content":{"rendered":"<p><strong><b>1. RESPONSABILITAT SOCIAL CORPORATIVA<\/b><\/strong><\/p>\n<p>&nbsp;<\/p>\n<p>\u00c9s el comprom\u00eds permanent de CENTAURO VETERINARIA S.A. en la seva planificaci\u00f3 estrat\u00e8gica. Aquest model de gesti\u00f3 ens permetr\u00e0 contribuir al desenvolupament econ\u00f2mic, des d\u2019una perspectiva \u00e8tica, responsable i sostenible.<\/p>\n<p>Volem millorar la qualitat de vida del nostre equip i les seves fam\u00edlies, i establir vincles de cooperaci\u00f3 i col\u00b7laboraci\u00f3 bidireccionals amb la comunitat local i els nostres principals agents d\u2019inter\u00e8s.<\/p>\n<p>Vigil\u00e0ncia i compliment de la legislaci\u00f3 vigent aplicable a totes les activitats que desenvolupem.<\/p>\n<p>CENTAURO VETERINARIA S.A. mant\u00e9 un ferm comprom\u00eds amb l\u2019\u00e8tica corporativa, promovent una conducta \u00edntegra, responsable i transparent tant en les relacions internes com en totes les interaccions amb clients, prove\u00efdors i col\u00b7laboradors externs.<\/p>\n<p>&nbsp;<\/p>\n<p><strong><b>2. DIRECTRIUS DE QUALITAT<\/b><\/strong><\/p>\n<p>&nbsp;<\/p>\n<p>Com empresa distribu\u00efdora comercial el nostre objectiu \u00e9s aconseguir la m\u00e0xima satisfacci\u00f3 i fidelitzaci\u00f3 dels clients i prove\u00efdors, establint relacions estables de comunicaci\u00f3.<\/p>\n<p>El comprom\u00eds d\u2019aportar els recursos necessaris per estimular la cultura de la innovaci\u00f3, la flexibilitat i la voluntat de millora cont\u00ednua, que han de permetre donar solucions als reptes de la reproducci\u00f3 animal, la distribuci\u00f3 veterin\u00e0ria i la bioseguretat.<\/p>\n<p>Optimitzar el rendiment de tots els nostres processos interns amb l\u2019objectiu d\u2019assolir una major efici\u00e8ncia en totes les activitats desenvolupades.<\/p>\n<p>El capital hum\u00e0 i tecnol\u00f2gic constituiran el principal valor afegir de la nostra organitzaci\u00f3.<\/p>\n<p>La consecuci\u00f3 del resultat econ\u00f2mic esperat pels accionistes i propietaris de l\u2019organitzaci\u00f3.<\/p>\n<p>&nbsp;<\/p>\n<p><strong><b>3. DIRECTRIUS MEDIAMBIENTALS<\/b><\/strong><\/p>\n<p>&nbsp;<\/p>\n<p>Establir les mesures adequades per reduir i prevenir la contaminaci\u00f3 ambiental tant a les nostres explotacions ramaderes com a la resta d\u2019instal\u00b7lacions del grup.<\/p>\n<p>Implantar les mesures necess\u00e0ries, dirigides a la minimitzaci\u00f3 de l\u2019impacte ambiental de les nostres activitats, impulsar l\u2019estalvi i l\u2019efici\u00e8ncia energ\u00e8tica i optimitzar els recursos naturals per garantir-ne un aprofitament sostenible.<\/p>\n<p>Promoure i divulgar bones pr\u00e0ctiques ambientals entre el nostre equip, clients o prove\u00efdors, mitjan\u00e7ant la sensibilitzaci\u00f3 la informaci\u00f3.<\/p>\n<p>&nbsp;<\/p>\n<p><strong><b>4.\u00a0 DIRECTRIUS DE PREVENCI\u00d3 I SEGURETAT LABORAL<\/b><\/strong><\/p>\n<p>&nbsp;<\/p>\n<p>Comprom\u00eds de prevenci\u00f3 de danys i deteriorament de la salut, arribant a un alt nivell de seguretat i salut en el treball a les nostres instal\u00b7lacions, sota la premissa que puguem evitar tots els accidents, incidents i malalties professionals.<\/p>\n<p>Coordinar l\u2019acci\u00f3 preventiva amb els nostres col\u00b7laboradors i professionals externs per poder garantir la m\u00e0xima seguretat en el desenvolupament d\u2019activitats conjuntes al Maci\u00e0 i als nostres centres.<\/p>\n<p>Fer participar als treballadors de forma activa en pro de la seguretat laboral, la prevenci\u00f3 de riscos, la vigil\u00e0ncia de la salut i en l\u2019adopci\u00f3 de bones pr\u00e0ctiques saludables.<\/p>\n<p>&nbsp;<\/p>\n<p><strong><b>5. DIRECTRIUS R+D+I<\/b><\/strong><\/p>\n<p>&nbsp;<\/p>\n<p>Establir els mecanismes adequats per incentivar, implicar i fer part\u00edcips al nostre equip en els processos d\u2019innovaci\u00f3 i millora empresarial sota la premissa de que cada idea, aportaci\u00f3 o iniciativa, compte; cultura de la innovaci\u00f3.<\/p>\n<p>Potenciar el coneixement i talent intern de l\u2019empresa a partir del desenvolupament de projectes i cerca, capa\u00e7os de provocar un impacte o retorn positiu, diferit cap a la societat.<\/p>\n<p>Integrar i estructurar aquesta cultura de la innovaci\u00f3 en un proc\u00e9s normalitzat, segons els sistemes de gesti\u00f3, amb un objectiu de millora cont\u00ednua. CENTAURO VETERINARIA S.A. aplica aquesta pol\u00edtica integrada segons models de gesti\u00f3 sistematitzats basats en la millora continua. L\u2019abast d\u2019aquests sistemes engloba les activitats de producci\u00f3 de dosis seminals, la distribuci\u00f3 de productes zoosanitaris i material veterinari, aix\u00ed com els serveis per la bioseguretat i la investigaci\u00f3 i innovaci\u00f3 en projectes en l\u2019\u00e0mbit de la gen\u00e8tica, tra\u00e7abilitat i bioseguretat animal.<\/p>\n<p>&nbsp;<\/p>\n<p><strong><b>6. ISO 9001 I ISO 14001<\/b><\/strong><\/p>\n<p>&nbsp;<\/p>\n<p>Bureau Veritas certifica que el sistema de gesti\u00f3 de la organitzaci\u00f3 CENTAURO VETERINARIA S.A. ha sigut auditat i trobat conforme amb les exig\u00e8ncies de la norma ISO 9001 i la norma ISO 14001.<\/p>\n<p>&nbsp;<\/p>\n<p><a href=\"https:\/\/centauro.es\/wp-content\/uploads\/2026\/02\/ISO-9001.pdf\">Veure certificat 9001<\/a><br \/>\n<a href=\"https:\/\/centauro.es\/wp-content\/uploads\/2026\/02\/ISO-14001.pdf\">Veure certificat 14001<\/a><\/p>\n<p>&nbsp;<\/p>\n<p>\u00daltima actualitzaci\u00f3: 15\/01\/2025<\/p>\n","protected":false},"excerpt":{"rendered":"<p>1. RESPONSABILITAT SOCIAL CORPORATIVA &nbsp; \u00c9s el comprom\u00eds permanent de CENTAURO VETERINARIA S.A. en la seva planificaci\u00f3 estrat\u00e8gica. Aquest model de gesti\u00f3 ens permetr\u00e0 contribuir al desenvolupament econ\u00f2mic, des d\u2019una perspectiva \u00e8tica, responsable i sostenible. Volem millorar la qualitat de vida del nostre equip i les seves fam\u00edlies, i establir vincles de cooperaci\u00f3 i col\u00b7laboraci\u00f3 [&hellip;]<\/p>\n","protected":false},"author":3,"featured_media":0,"parent":0,"menu_order":26,"comment_status":"closed","ping_status":"closed","template":"app-templates\/page-legal.php","meta":{"_acf_changed":false,"footnotes":""},"class_list":["post-2473","page","type-page","status-publish","hentry"],"acf":[],"_links":{"self":[{"href":"https:\/\/centauro.es\/ca\/wp-json\/wp\/v2\/pages\/2473","targetHints":{"allow":["GET"]}}],"collection":[{"href":"https:\/\/centauro.es\/ca\/wp-json\/wp\/v2\/pages"}],"about":[{"href":"https:\/\/centauro.es\/ca\/wp-json\/wp\/v2\/types\/page"}],"author":[{"embeddable":true,"href":"https:\/\/centauro.es\/ca\/wp-json\/wp\/v2\/users\/3"}],"replies":[{"embeddable":true,"href":"https:\/\/centauro.es\/ca\/wp-json\/wp\/v2\/comments?post=2473"}],"version-history":[{"count":5,"href":"https:\/\/centauro.es\/ca\/wp-json\/wp\/v2\/pages\/2473\/revisions"}],"predecessor-version":[{"id":2678,"href":"https:\/\/centauro.es\/ca\/wp-json\/wp\/v2\/pages\/2473\/revisions\/2678"}],"wp:attachment":[{"href":"https:\/\/centauro.es\/ca\/wp-json\/wp\/v2\/media?parent=2473"}],"curies":[{"name":"wp","href":"https:\/\/api.w.org\/{rel}","templated":true}]}}